{"id":1780,"date":"2024-09-12T13:53:48","date_gmt":"2024-09-12T13:53:48","guid":{"rendered":"https:\/\/moeglichkeiten.plustrack.at\/en\/connecting-teams\/"},"modified":"2024-09-12T13:54:00","modified_gmt":"2024-09-12T13:54:00","slug":"connecting-teams","status":"publish","type":"page","link":"https:\/\/moeglichkeiten.plustrack.at\/en\/connecting-teams\/","title":{"rendered":"Connecting Teams"},"content":{"rendered":"\t\t<div data-elementor-type=\"wp-page\" data-elementor-id=\"1780\" class=\"elementor elementor-1780\">\n\t\t\t\t\t\t<section class=\"elementor-section elementor-top-section elementor-element elementor-element-2e45b689 elementor-section-boxed elementor-section-height-default elementor-section-height-default\" data-id=\"2e45b689\" data-element_type=\"section\">\n\t\t\t\t\t\t<div class=\"elementor-container elementor-column-gap-default\">\n\t\t\t\t\t<div class=\"elementor-column elementor-col-100 elementor-top-column elementor-element elementor-element-2d64343d\" data-id=\"2d64343d\" data-element_type=\"column\">\n\t\t\t<div class=\"elementor-widget-wrap elementor-element-populated\">\n\t\t\t\t\t\t<div class=\"elementor-element elementor-element-57c8d089 elementor-widget elementor-widget-text-editor\" data-id=\"57c8d089\" data-element_type=\"widget\" data-widget_type=\"text-editor.default\">\n\t\t\t\t<div class=\"elementor-widget-container\">\n\t\t\t\t\t\t\t<p>Du bist auf der Suche nach Gleichgesinnten, um deinem Hobby oder deiner Leidenschaft nachzugehen? Dann schau doch mal auf unserem Teams- Kanal ST_Markt der M\u00f6glichkeiten vorbei!<br \/>Egal, ob du nach motivierten Laufpartnern f\u00fcr deine morgendliche Joggingrunde oder nach den besten Insider-Tipps f\u00fcr Tequila-Shots suchst, hier kannst du dich mit anderen Studierenden \u00fcber deine Interessen austauschen. Suche dir Gleichgesinnte und erleichtere dir somit, dich in der PLUS-Community zurechtzufinden.<br \/>Organisatorisch l\u00e4uft das ganze \u00fcber die Plattform \u201eMicrosoft Teams\u201c ab. Um dir die Orientierung auf der Seite zu erleichtern, hier eine kleine Kurzanleitung, was dich auf Teams erwartet:<br \/>1. Folge einfach folgendem Link: <a href=\"https:\/\/teams.microsoft.com\/l\/team\/19%3ATMcCEV77LAuhY2OnKfbFtEuFjkv0mlDC1WTIdayqPpc1%40thread.tacv2\/conversations?groupId=2fa267d0-8eab-438a-a493-fdb6b1eb41a8&amp;tenantId=158a941a-576e-4e87-993d-b2eab8526e50\" target=\"_blank\" rel=\"noopener\">Zu Teams\u00a0<\/a><\/p><p>2. Stelle hierbei sicher, dass du mit deinem Uni-Account auf Teams angemeldet bist.<\/p><p>3. Sobald du auf den Button \u201eTeilnehmen\u201c geklickt hast, bist du auch schon Teil unseres Kanals!<\/p><p>4. Auf der linken Seite findest du eine \u00dcbersicht \u00fcber die einzelnen Kan\u00e4le. Wenn du hierbei auf einen Kanal gehst und den Button \u201eAnzeigen\u201c klickst, wird dieser dir in der Liste oben angezeigt. So kannst du wichtige Kan\u00e4le direkt oben angezeigt sehen. Im Folgenden findest du eine kurze Erkl\u00e4rung zu den wichtigsten Kan\u00e4len. Wichtig ist hierbei, dass du dir Kan\u00e4le, die mit einem Ausrufezeichen gekennzeichnet sind, unbedingt anzeigen lassen<br \/>solltest. Diese sind besonders wichtig f\u00fcr den Austausch auf der Plattform.<\/p>\t\t\t\t\t\t<\/div>\n\t\t\t\t<\/div>\n\t\t\t\t\t<\/div>\n\t\t<\/div>\n\t\t\t\t\t<\/div>\n\t\t<\/section>\n\t\t\t\t<section class=\"elementor-section elementor-top-section elementor-element elementor-element-71f1a069 elementor-section-boxed elementor-section-height-default elementor-section-height-default\" data-id=\"71f1a069\" data-element_type=\"section\">\n\t\t\t\t\t\t<div class=\"elementor-container elementor-column-gap-default\">\n\t\t\t\t\t<div class=\"elementor-column elementor-col-100 elementor-top-column elementor-element elementor-element-55160492\" data-id=\"55160492\" data-element_type=\"column\">\n\t\t\t<div class=\"elementor-widget-wrap elementor-element-populated\">\n\t\t\t\t\t\t<div class=\"elementor-element elementor-element-5d22f79e elementor-widget elementor-widget-image\" data-id=\"5d22f79e\" data-element_type=\"widget\" data-widget_type=\"image.default\">\n\t\t\t\t<div class=\"elementor-widget-container\">\n\t\t\t\t\t\t\t\t\t\t<figure class=\"wp-caption\">\n\t\t\t\t\t\t\t\t\t\t<img fetchpriority=\"high\" decoding=\"async\" width=\"750\" height=\"530\" src=\"https:\/\/moeglichkeiten.plustrack.at\/en\/wp-content\/uploads\/sites\/3\/2024\/09\/40DC8E46-00A6-49D3-BE0C-8235CC3DD57F-1024x724.jpeg\" class=\"attachment-large size-large wp-image-1781\" alt=\"\" srcset=\"https:\/\/moeglichkeiten.plustrack.at\/en\/wp-content\/uploads\/sites\/3\/2024\/09\/40DC8E46-00A6-49D3-BE0C-8235CC3DD57F-1024x724.jpeg 1024w, https:\/\/moeglichkeiten.plustrack.at\/en\/wp-content\/uploads\/sites\/3\/2024\/09\/40DC8E46-00A6-49D3-BE0C-8235CC3DD57F-300x212.jpeg 300w, https:\/\/moeglichkeiten.plustrack.at\/en\/wp-content\/uploads\/sites\/3\/2024\/09\/40DC8E46-00A6-49D3-BE0C-8235CC3DD57F-768x543.jpeg 768w, https:\/\/moeglichkeiten.plustrack.at\/en\/wp-content\/uploads\/sites\/3\/2024\/09\/40DC8E46-00A6-49D3-BE0C-8235CC3DD57F-1536x1087.jpeg 1536w, https:\/\/moeglichkeiten.plustrack.at\/en\/wp-content\/uploads\/sites\/3\/2024\/09\/40DC8E46-00A6-49D3-BE0C-8235CC3DD57F.jpeg 1911w\" sizes=\"(max-width: 750px) 100vw, 750px\" \/>\t\t\t\t\t\t\t\t\t\t\t<figcaption class=\"widget-image-caption wp-caption-text\">Hier hei\u00dfen wir dich erstmal herzlich willkommen und senden dir immer mal wieder Updates oder wichtige Informationen. Schau hier also regelm\u00e4\u00dfig mal vorbei! Du findest hier auch noch einmal die wichtigsten Verhaltensregeln im Umgang mit Teams. <\/figcaption>\n\t\t\t\t\t\t\t\t\t\t<\/figure>\n\t\t\t\t\t\t\t<\/div>\n\t\t\t\t<\/div>\n\t\t\t\t\t<\/div>\n\t\t<\/div>\n\t\t\t\t\t<\/div>\n\t\t<\/section>\n\t\t\t\t<section class=\"elementor-section elementor-top-section elementor-element elementor-element-b5f8e6c elementor-section-boxed elementor-section-height-default elementor-section-height-default\" data-id=\"b5f8e6c\" data-element_type=\"section\">\n\t\t\t\t\t\t<div class=\"elementor-container elementor-column-gap-default\">\n\t\t\t\t\t<div class=\"elementor-column elementor-col-100 elementor-top-column elementor-element elementor-element-1859c163\" data-id=\"1859c163\" data-element_type=\"column\">\n\t\t\t<div class=\"elementor-widget-wrap elementor-element-populated\">\n\t\t\t\t\t\t<div class=\"elementor-element elementor-element-3fb1c8da elementor-widget elementor-widget-spacer\" data-id=\"3fb1c8da\" data-element_type=\"widget\" data-widget_type=\"spacer.default\">\n\t\t\t\t<div class=\"elementor-widget-container\">\n\t\t\t\t\t<div class=\"elementor-spacer\">\n\t\t\t<div class=\"elementor-spacer-inner\"><\/div>\n\t\t<\/div>\n\t\t\t\t<\/div>\n\t\t\t\t<\/div>\n\t\t\t\t\t<\/div>\n\t\t<\/div>\n\t\t\t\t\t<\/div>\n\t\t<\/section>\n\t\t\t\t<section class=\"elementor-section elementor-top-section elementor-element elementor-element-3f0d6a6d elementor-section-boxed elementor-section-height-default elementor-section-height-default\" data-id=\"3f0d6a6d\" data-element_type=\"section\">\n\t\t\t\t\t\t<div class=\"elementor-container elementor-column-gap-default\">\n\t\t\t\t\t<div class=\"elementor-column elementor-col-100 elementor-top-column elementor-element elementor-element-2d67774d\" data-id=\"2d67774d\" data-element_type=\"column\">\n\t\t\t<div class=\"elementor-widget-wrap elementor-element-populated\">\n\t\t\t\t\t\t<div class=\"elementor-element elementor-element-68019179 elementor-widget elementor-widget-image\" data-id=\"68019179\" data-element_type=\"widget\" data-widget_type=\"image.default\">\n\t\t\t\t<div class=\"elementor-widget-container\">\n\t\t\t\t\t\t\t\t\t\t<figure class=\"wp-caption\">\n\t\t\t\t\t\t\t\t\t\t<img decoding=\"async\" width=\"750\" height=\"524\" src=\"https:\/\/moeglichkeiten.plustrack.at\/en\/wp-content\/uploads\/sites\/3\/2024\/09\/46E59A93-7132-4E13-B7AA-05F13166577C-1024x716.jpeg\" class=\"attachment-large size-large wp-image-1782\" alt=\"\" srcset=\"https:\/\/moeglichkeiten.plustrack.at\/en\/wp-content\/uploads\/sites\/3\/2024\/09\/46E59A93-7132-4E13-B7AA-05F13166577C-1024x716.jpeg 1024w, https:\/\/moeglichkeiten.plustrack.at\/en\/wp-content\/uploads\/sites\/3\/2024\/09\/46E59A93-7132-4E13-B7AA-05F13166577C-300x210.jpeg 300w, https:\/\/moeglichkeiten.plustrack.at\/en\/wp-content\/uploads\/sites\/3\/2024\/09\/46E59A93-7132-4E13-B7AA-05F13166577C-768x537.jpeg 768w, https:\/\/moeglichkeiten.plustrack.at\/en\/wp-content\/uploads\/sites\/3\/2024\/09\/46E59A93-7132-4E13-B7AA-05F13166577C-1536x1075.jpeg 1536w, https:\/\/moeglichkeiten.plustrack.at\/en\/wp-content\/uploads\/sites\/3\/2024\/09\/46E59A93-7132-4E13-B7AA-05F13166577C-2048x1433.jpeg 2048w\" sizes=\"(max-width: 750px) 100vw, 750px\" \/>\t\t\t\t\t\t\t\t\t\t\t<figcaption class=\"widget-image-caption wp-caption-text\">Auf dem Kanal Skill Share findet ihr oben in der Leiste den Button Skill Share \u00fcber den ihr miteinander kommunizieren und eure \u201eAngebote\u201c und \u201eAnfragen\u201c austauschen k\u00f6nnt. Eine genaue Anleitung, wie das genau abl\u00e4uft, findet ihr auf dem Whiteboard selbst. Grob geht es darum, dass du hier mithilfe unterschiedliche farbiger Post-Its reinposten kannst, was du entweder von anderen lernen m\u00f6chtest oder was du anderen beibringen k\u00f6nntest. Mithilfe dieses Tools k\u00f6nnt ihr von den St\u00e4rken anderer profitieren. Hier kannst du endlich lernen, wie man h\u00e4kelt oder du kannst dein Kochtalent mit anderen teilen. Probier\u2019s mal aus!<\/figcaption>\n\t\t\t\t\t\t\t\t\t\t<\/figure>\n\t\t\t\t\t\t\t<\/div>\n\t\t\t\t<\/div>\n\t\t\t\t\t<\/div>\n\t\t<\/div>\n\t\t\t\t\t<\/div>\n\t\t<\/section>\n\t\t\t\t<section class=\"elementor-section elementor-top-section elementor-element elementor-element-2610f6e3 elementor-section-boxed elementor-section-height-default elementor-section-height-default\" data-id=\"2610f6e3\" data-element_type=\"section\">\n\t\t\t\t\t\t<div class=\"elementor-container elementor-column-gap-default\">\n\t\t\t\t\t<div class=\"elementor-column elementor-col-100 elementor-top-column elementor-element elementor-element-11a29d7c\" data-id=\"11a29d7c\" data-element_type=\"column\">\n\t\t\t<div class=\"elementor-widget-wrap elementor-element-populated\">\n\t\t\t\t\t\t<div class=\"elementor-element elementor-element-7fe43a0d elementor-widget elementor-widget-spacer\" data-id=\"7fe43a0d\" data-element_type=\"widget\" data-widget_type=\"spacer.default\">\n\t\t\t\t<div class=\"elementor-widget-container\">\n\t\t\t\t\t<div class=\"elementor-spacer\">\n\t\t\t<div class=\"elementor-spacer-inner\"><\/div>\n\t\t<\/div>\n\t\t\t\t<\/div>\n\t\t\t\t<\/div>\n\t\t\t\t\t<\/div>\n\t\t<\/div>\n\t\t\t\t\t<\/div>\n\t\t<\/section>\n\t\t\t\t<section class=\"elementor-section elementor-top-section elementor-element elementor-element-630f647c elementor-section-boxed elementor-section-height-default elementor-section-height-default\" data-id=\"630f647c\" data-element_type=\"section\">\n\t\t\t\t\t\t<div class=\"elementor-container elementor-column-gap-default\">\n\t\t\t\t\t<div class=\"elementor-column elementor-col-100 elementor-top-column elementor-element elementor-element-3682289\" data-id=\"3682289\" data-element_type=\"column\">\n\t\t\t<div class=\"elementor-widget-wrap elementor-element-populated\">\n\t\t\t\t\t\t<div class=\"elementor-element elementor-element-67806bbd elementor-widget elementor-widget-image\" data-id=\"67806bbd\" data-element_type=\"widget\" data-widget_type=\"image.default\">\n\t\t\t\t<div class=\"elementor-widget-container\">\n\t\t\t\t\t\t\t\t\t\t<figure class=\"wp-caption\">\n\t\t\t\t\t\t\t\t\t\t<img decoding=\"async\" width=\"750\" height=\"506\" src=\"https:\/\/moeglichkeiten.plustrack.at\/en\/wp-content\/uploads\/sites\/3\/2024\/09\/263F5ECB-95E3-479F-B4D2-D017F8CFDD6E-1024x691.jpeg\" class=\"attachment-large size-large wp-image-1783\" alt=\"\" srcset=\"https:\/\/moeglichkeiten.plustrack.at\/en\/wp-content\/uploads\/sites\/3\/2024\/09\/263F5ECB-95E3-479F-B4D2-D017F8CFDD6E-1024x691.jpeg 1024w, https:\/\/moeglichkeiten.plustrack.at\/en\/wp-content\/uploads\/sites\/3\/2024\/09\/263F5ECB-95E3-479F-B4D2-D017F8CFDD6E-300x202.jpeg 300w, https:\/\/moeglichkeiten.plustrack.at\/en\/wp-content\/uploads\/sites\/3\/2024\/09\/263F5ECB-95E3-479F-B4D2-D017F8CFDD6E-768x518.jpeg 768w, https:\/\/moeglichkeiten.plustrack.at\/en\/wp-content\/uploads\/sites\/3\/2024\/09\/263F5ECB-95E3-479F-B4D2-D017F8CFDD6E-1536x1036.jpeg 1536w, https:\/\/moeglichkeiten.plustrack.at\/en\/wp-content\/uploads\/sites\/3\/2024\/09\/263F5ECB-95E3-479F-B4D2-D017F8CFDD6E.jpeg 1830w\" sizes=\"(max-width: 750px) 100vw, 750px\" \/>\t\t\t\t\t\t\t\t\t\t\t<figcaption class=\"widget-image-caption wp-caption-text\">Falls du Fragen, Anliegen oder auch Ideen f\u00fcr weitere Channels oder sonstige Dinge hast, schreib uns gerne in diesen Kanal. Wir werden uns so schnell wie m\u00f6glich darum k\u00fcmmern!<\/figcaption>\n\t\t\t\t\t\t\t\t\t\t<\/figure>\n\t\t\t\t\t\t\t<\/div>\n\t\t\t\t<\/div>\n\t\t\t\t\t<\/div>\n\t\t<\/div>\n\t\t\t\t\t<\/div>\n\t\t<\/section>\n\t\t\t\t<section class=\"elementor-section elementor-top-section elementor-element elementor-element-7c7419e7 elementor-section-boxed elementor-section-height-default elementor-section-height-default\" data-id=\"7c7419e7\" data-element_type=\"section\">\n\t\t\t\t\t\t<div class=\"elementor-container elementor-column-gap-default\">\n\t\t\t\t\t<div class=\"elementor-column elementor-col-100 elementor-top-column elementor-element elementor-element-2f87dd63\" data-id=\"2f87dd63\" data-element_type=\"column\">\n\t\t\t<div class=\"elementor-widget-wrap elementor-element-populated\">\n\t\t\t\t\t\t<div class=\"elementor-element elementor-element-27fe47eb elementor-widget elementor-widget-spacer\" data-id=\"27fe47eb\" data-element_type=\"widget\" data-widget_type=\"spacer.default\">\n\t\t\t\t<div class=\"elementor-widget-container\">\n\t\t\t\t\t<div class=\"elementor-spacer\">\n\t\t\t<div class=\"elementor-spacer-inner\"><\/div>\n\t\t<\/div>\n\t\t\t\t<\/div>\n\t\t\t\t<\/div>\n\t\t\t\t\t<\/div>\n\t\t<\/div>\n\t\t\t\t\t<\/div>\n\t\t<\/section>\n\t\t\t\t<section class=\"elementor-section elementor-top-section elementor-element elementor-element-4ef82627 elementor-section-boxed elementor-section-height-default elementor-section-height-default\" data-id=\"4ef82627\" data-element_type=\"section\">\n\t\t\t\t\t\t<div class=\"elementor-container elementor-column-gap-default\">\n\t\t\t\t\t<div class=\"elementor-column elementor-col-100 elementor-top-column elementor-element elementor-element-8cac912\" data-id=\"8cac912\" data-element_type=\"column\">\n\t\t\t<div class=\"elementor-widget-wrap elementor-element-populated\">\n\t\t\t\t\t\t<div class=\"elementor-element elementor-element-744b0817 elementor-widget elementor-widget-image\" data-id=\"744b0817\" data-element_type=\"widget\" data-widget_type=\"image.default\">\n\t\t\t\t<div class=\"elementor-widget-container\">\n\t\t\t\t\t\t\t\t\t\t<figure class=\"wp-caption\">\n\t\t\t\t\t\t\t\t\t\t<img loading=\"lazy\" decoding=\"async\" width=\"750\" height=\"520\" src=\"https:\/\/moeglichkeiten.plustrack.at\/en\/wp-content\/uploads\/sites\/3\/2024\/09\/013CEB5F-C799-4F5B-94BB-68E9FC41E586-1024x710.jpeg\" class=\"attachment-large size-large wp-image-1784\" alt=\"\" srcset=\"https:\/\/moeglichkeiten.plustrack.at\/en\/wp-content\/uploads\/sites\/3\/2024\/09\/013CEB5F-C799-4F5B-94BB-68E9FC41E586-1024x710.jpeg 1024w, https:\/\/moeglichkeiten.plustrack.at\/en\/wp-content\/uploads\/sites\/3\/2024\/09\/013CEB5F-C799-4F5B-94BB-68E9FC41E586-300x208.jpeg 300w, https:\/\/moeglichkeiten.plustrack.at\/en\/wp-content\/uploads\/sites\/3\/2024\/09\/013CEB5F-C799-4F5B-94BB-68E9FC41E586-768x532.jpeg 768w, https:\/\/moeglichkeiten.plustrack.at\/en\/wp-content\/uploads\/sites\/3\/2024\/09\/013CEB5F-C799-4F5B-94BB-68E9FC41E586-1536x1065.jpeg 1536w, https:\/\/moeglichkeiten.plustrack.at\/en\/wp-content\/uploads\/sites\/3\/2024\/09\/013CEB5F-C799-4F5B-94BB-68E9FC41E586.jpeg 1793w\" sizes=\"(max-width: 750px) 100vw, 750px\" \/>\t\t\t\t\t\t\t\t\t\t\t<figcaption class=\"widget-image-caption wp-caption-text\">Die Themenkan\u00e4le sind daf\u00fcr da, sich zu konkreten Themen, wie z.B. bestimmten Sportarten oder anderen T\u00e4tigkeiten auszutauschen. Falls dir ein bestimmtes Themengebiet fehlt, melde dich gerne im \u201eHilfe-W\u00fcnsche-Feedback\u201c-Kanal bei uns!  Bitte denke daran, dass du dich immer respektvoll und freundlich verh\u00e4ltst, damit wir auf dieser Plattform eine positive Atmosph\u00e4re beibehalten k\u00f6nnen. Wenn du ich durch einen anderen User respektlos behandelt oder bel\u00e4stigt f\u00fchlst, dann wende dich bitte sofort an uns! Bei Fragen oder Problemen, wende dich gerne an uns per E-Mail: georg.zerle@plus.ac.at. Wir w\u00fcnschen dir nun ganz viel Spa\u00df beim Vernetzen mit anderen Studierenden.<\/figcaption>\n\t\t\t\t\t\t\t\t\t\t<\/figure>\n\t\t\t\t\t\t\t<\/div>\n\t\t\t\t<\/div>\n\t\t\t\t\t<\/div>\n\t\t<\/div>\n\t\t\t\t\t<\/div>\n\t\t<\/section>\n\t\t\t\t<section class=\"elementor-section elementor-top-section elementor-element elementor-element-73dcff64 elementor-section-boxed elementor-section-height-default elementor-section-height-default\" data-id=\"73dcff64\" data-element_type=\"section\">\n\t\t\t\t\t\t<div class=\"elementor-container elementor-column-gap-default\">\n\t\t\t\t\t<div class=\"elementor-column elementor-col-100 elementor-top-column elementor-element elementor-element-248c8c4a\" data-id=\"248c8c4a\" data-element_type=\"column\">\n\t\t\t<div class=\"elementor-widget-wrap elementor-element-populated\">\n\t\t\t\t\t\t<div class=\"elementor-element elementor-element-30730f30 elementor-widget elementor-widget-spacer\" data-id=\"30730f30\" data-element_type=\"widget\" data-widget_type=\"spacer.default\">\n\t\t\t\t<div class=\"elementor-widget-container\">\n\t\t\t\t\t<div class=\"elementor-spacer\">\n\t\t\t<div class=\"elementor-spacer-inner\"><\/div>\n\t\t<\/div>\n\t\t\t\t<\/div>\n\t\t\t\t<\/div>\n\t\t\t\t\t<\/div>\n\t\t<\/div>\n\t\t\t\t\t<\/div>\n\t\t<\/section>\n\t\t\t\t<\/div>\n\t\t","protected":false},"excerpt":{"rendered":"<p>Du bist auf der Suche nach Gleichgesinnten, um deinem Hobby oder deiner Leidenschaft nachzugehen? Dann schau doch mal auf unserem Teams- Kanal ST_Markt der M\u00f6glichkeiten vorbei!Egal, ob du nach motivierten Laufpartnern f\u00fcr deine morgendliche Joggingrunde oder nach den besten Insider-Tipps f\u00fcr Tequila-Shots suchst, hier kannst du dich mit anderen Studierenden [&hellip;]<\/p>\n","protected":false},"author":10,"featured_media":1787,"parent":0,"menu_order":0,"comment_status":"closed","ping_status":"closed","template":"","meta":{"footnotes":""},"class_list":["post-1780","page","type-page","status-publish","has-post-thumbnail","hentry"],"_links":{"self":[{"href":"https:\/\/moeglichkeiten.plustrack.at\/en\/wp-json\/wp\/v2\/pages\/1780"}],"collection":[{"href":"https:\/\/moeglichkeiten.plustrack.at\/en\/wp-json\/wp\/v2\/pages"}],"about":[{"href":"https:\/\/moeglichkeiten.plustrack.at\/en\/wp-json\/wp\/v2\/types\/page"}],"author":[{"embeddable":true,"href":"https:\/\/moeglichkeiten.plustrack.at\/en\/wp-json\/wp\/v2\/users\/10"}],"replies":[{"embeddable":true,"href":"https:\/\/moeglichkeiten.plustrack.at\/en\/wp-json\/wp\/v2\/comments?post=1780"}],"version-history":[{"count":4,"href":"https:\/\/moeglichkeiten.plustrack.at\/en\/wp-json\/wp\/v2\/pages\/1780\/revisions"}],"predecessor-version":[{"id":1867,"href":"https:\/\/moeglichkeiten.plustrack.at\/en\/wp-json\/wp\/v2\/pages\/1780\/revisions\/1867"}],"wp:featuredmedia":[{"embeddable":true,"href":"https:\/\/moeglichkeiten.plustrack.at\/en\/wp-json\/wp\/v2\/media\/1787"}],"wp:attachment":[{"href":"https:\/\/moeglichkeiten.plustrack.at\/en\/wp-json\/wp\/v2\/media?parent=1780"}],"curies":[{"name":"wp","href":"https:\/\/api.w.org\/{rel}","templated":true}]}}